{"id":137,"date":"2018-09-12T19:56:35","date_gmt":"2018-09-12T17:56:35","guid":{"rendered":"http:\/\/pbe.uw.edu.pl\/?page_id=137"},"modified":"2018-09-27T04:15:46","modified_gmt":"2018-09-27T02:15:46","slug":"aat","status":"publish","type":"page","link":"http:\/\/pbe.uw.edu.pl\/pl\/about-us\/aat\/","title":{"rendered":"Agnieszka Andrychowicz-Trojanowska"},"content":{"rendered":"<p style=\"text-align: justify\"><span id=\"aui_3_2_0_12369\"><b id=\"aui_3_2_0_12368\"><img loading=\"lazy\" class=\" wp-image-141 alignleft\" src=\"http:\/\/pbe.uw.edu.pl\/wp-content\/uploads\/sites\/336\/2018\/09\/A.-Andrychowicz-Trojanowska-07.11.2017-212x300.png\" alt=\"\" width=\"152\" height=\"215\" srcset=\"http:\/\/pbe.uw.edu.pl\/wp-content\/uploads\/sites\/336\/2018\/09\/A.-Andrychowicz-Trojanowska-07.11.2017-212x300.png 212w, http:\/\/pbe.uw.edu.pl\/wp-content\/uploads\/sites\/336\/2018\/09\/A.-Andrychowicz-Trojanowska-07.11.2017-768x1085.png 768w, http:\/\/pbe.uw.edu.pl\/wp-content\/uploads\/sites\/336\/2018\/09\/A.-Andrychowicz-Trojanowska-07.11.2017-725x1024.png 725w, http:\/\/pbe.uw.edu.pl\/wp-content\/uploads\/sites\/336\/2018\/09\/A.-Andrychowicz-Trojanowska-07.11.2017-660x932.png 660w\" sizes=\"(max-width: 152px) 100vw, 152px\" \/><\/b><strong>dr Agnieszka Andrychowicz-Trojanowska<\/strong>\u00a0&#8211; adiunkt w Instytucie Komunikacji Specjalistycznej i Interkulturowej (dawniej: Instytut Kulturologii i Lingwistyki Antropocentrycznej), Wydzia\u0142 Lingwistyki Stosowanej Uniwersytetu Warszawskiego. Stopie\u0144 doktora nauk humanistycznych uzyska\u0142a w 2008 roku na podstawie rozprawy doktorskiej zatytu\u0142owanej\u00a0<i>Parametryczna analiza tekstu specjalistycznego jako no\u015bnika wiedzy zawodowej (na materiale terminologii gie\u0142dowej)<\/i>. Tytu\u0142 magistra uzyska\u0142a w 2003 roku w Instytucie Lingwistyki Stosowanej; w tym samym czasie uzyska\u0142a tytu\u0142 licencjata w Centrum Europejskim UW (kierunek: Stosunki Mi\u0119dzynarodowe, specjalno\u015b\u0107: Integracja Europejska), a w 2009 roku uko\u0144czy\u0142a Interdyscyplinarne Podyplomowe Studium Kszta\u0142cenia T\u0142umaczy (ILS UW). Jej zainteresowania naukowe obejmuj\u0105 glottodydaktyk\u0119 i sposoby zastosowania metod okulograficznych w glottodydaktyce, translatoryk\u0119 i terminologi\u0119. Od 2008 roku pe\u0142ni funkcj\u0119 Kierownika Studi\u00f3w Wieczorowych IKSI. Jest cz\u0142onkiem Polskiego Towarzystwa Lingwistyki Stosowanej.<b id=\"aui_3_2_0_12368\"><br \/>\n<\/b><\/span><\/p>","protected":false},"excerpt":{"rendered":"<p>dr Agnieszka Andrychowicz-Trojanowska\u00a0&#8211; adiunkt w Instytucie Komunikacji Specjalistycznej i Interkulturowej (dawniej: Instytut Kulturologii i Lingwistyki Antropocentrycznej), Wydzia\u0142 Lingwistyki Stosowanej Uniwersytetu Warszawskiego. Stopie\u0144 doktora nauk humanistycznych uzyska\u0142a w 2008 roku na podstawie rozprawy doktorskiej zatytu\u0142owanej\u00a0Parametryczna analiza tekstu specjalistycznego jako no\u015bnika wiedzy zawodowej (na materiale terminologii gie\u0142dowej). Tytu\u0142 magistra uzyska\u0142a w 2003 roku w Instytucie Lingwistyki Stosowanej;\u2026 <span class=\"read-more\"><a href=\"http:\/\/pbe.uw.edu.pl\/pl\/about-us\/aat\/\">Czytaj dalej &raquo;<\/a><\/span><\/p>\n","protected":false},"author":872,"featured_media":0,"parent":82,"menu_order":3,"comment_status":"closed","ping_status":"closed","template":"","meta":{"_links_to":"","_links_to_target":""},"acf":[],"_links":{"self":[{"href":"http:\/\/pbe.uw.edu.pl\/pl\/wp-json\/wp\/v2\/pages\/137"}],"collection":[{"href":"http:\/\/pbe.uw.edu.pl\/pl\/wp-json\/wp\/v2\/pages"}],"about":[{"href":"http:\/\/pbe.uw.edu.pl\/pl\/wp-json\/wp\/v2\/types\/page"}],"author":[{"embeddable":true,"href":"http:\/\/pbe.uw.edu.pl\/pl\/wp-json\/wp\/v2\/users\/872"}],"replies":[{"embeddable":true,"href":"http:\/\/pbe.uw.edu.pl\/pl\/wp-json\/wp\/v2\/comments?post=137"}],"version-history":[{"count":4,"href":"http:\/\/pbe.uw.edu.pl\/pl\/wp-json\/wp\/v2\/pages\/137\/revisions"}],"predecessor-version":[{"id":439,"href":"http:\/\/pbe.uw.edu.pl\/pl\/wp-json\/wp\/v2\/pages\/137\/revisions\/439"}],"up":[{"embeddable":true,"href":"http:\/\/pbe.uw.edu.pl\/pl\/wp-json\/wp\/v2\/pages\/82"}],"wp:attachment":[{"href":"http:\/\/pbe.uw.edu.pl\/pl\/wp-json\/wp\/v2\/media?parent=137"}],"curies":[{"name":"wp","href":"https:\/\/api.w.org\/{rel}","templated":true}]}}