{"id":152,"date":"2018-09-12T21:00:33","date_gmt":"2018-09-12T19:00:33","guid":{"rendered":"http:\/\/pbe.uw.edu.pl\/?page_id=152"},"modified":"2018-09-12T21:04:33","modified_gmt":"2018-09-12T19:04:33","slug":"dk","status":"publish","type":"page","link":"http:\/\/pbe.uw.edu.pl\/pl\/about-us\/dk\/","title":{"rendered":"(English) Dominik Kud\u0142a"},"content":{"rendered":"<p class=\"qtranxs-available-languages-message qtranxs-available-languages-message-pl\">Przepraszamy, ten wpis jest dost\u0119pny tylko w j\u0119zyku <a href=\"http:\/\/pbe.uw.edu.pl\/en\/wp-json\/wp\/v2\/pages\/152\" class=\"qtranxs-available-language-link qtranxs-available-language-link-en\" title=\"English\">Ameryka\u0144ski Angielski<\/a>.<\/p>","protected":false},"excerpt":{"rendered":"<p>Przepraszamy, ten wpis jest dost\u0119pny tylko w j\u0119zyku Ameryka\u0144ski Angielski.<\/p>\n","protected":false},"author":872,"featured_media":0,"parent":82,"menu_order":5,"comment_status":"closed","ping_status":"closed","template":"","meta":{"_links_to":"","_links_to_target":""},"acf":[],"_links":{"self":[{"href":"http:\/\/pbe.uw.edu.pl\/pl\/wp-json\/wp\/v2\/pages\/152"}],"collection":[{"href":"http:\/\/pbe.uw.edu.pl\/pl\/wp-json\/wp\/v2\/pages"}],"about":[{"href":"http:\/\/pbe.uw.edu.pl\/pl\/wp-json\/wp\/v2\/types\/page"}],"author":[{"embeddable":true,"href":"http:\/\/pbe.uw.edu.pl\/pl\/wp-json\/wp\/v2\/users\/872"}],"replies":[{"embeddable":true,"href":"http:\/\/pbe.uw.edu.pl\/pl\/wp-json\/wp\/v2\/comments?post=152"}],"version-history":[{"count":2,"href":"http:\/\/pbe.uw.edu.pl\/pl\/wp-json\/wp\/v2\/pages\/152\/revisions"}],"predecessor-version":[{"id":154,"href":"http:\/\/pbe.uw.edu.pl\/pl\/wp-json\/wp\/v2\/pages\/152\/revisions\/154"}],"up":[{"embeddable":true,"href":"http:\/\/pbe.uw.edu.pl\/pl\/wp-json\/wp\/v2\/pages\/82"}],"wp:attachment":[{"href":"http:\/\/pbe.uw.edu.pl\/pl\/wp-json\/wp\/v2\/media?parent=152"}],"curies":[{"name":"wp","href":"https:\/\/api.w.org\/{rel}","templated":true}]}}