{"id":82,"date":"2018-09-05T18:37:59","date_gmt":"2018-09-05T16:37:59","guid":{"rendered":"http:\/\/pbe.uw.edu.pl\/?page_id=82"},"modified":"2018-10-11T10:13:15","modified_gmt":"2018-10-11T08:13:15","slug":"about-us","status":"publish","type":"page","link":"http:\/\/pbe.uw.edu.pl\/pl\/about-us\/","title":{"rendered":"O nas"},"content":{"rendered":"<ul class=\"layouts level-2\">\n<li class=\"open \"><a class=\"open \" href=\"http:\/\/pbe.uw.edu.pl\/about-us\/sg\/\">prof. Sambor Grucza<\/a><\/li>\n<li class=\"open \"><a class=\"open \" href=\"http:\/\/pbe.uw.edu.pl\/about-us\/mp\/\"> dr hab. Monika P\u0142u\u017cyczka<\/a><\/li>\n<li class=\"open \"><a class=\"open \" href=\"http:\/\/pbe.uw.edu.pl\/about-us\/aat\/\"> dr Agnieszka Andrychowicz-Trojanowska<\/a><\/li>\n<li class=\"open \"><a class=\"open \" href=\"http:\/\/pbe.uw.edu.pl\/about-us\/ab\/\"> dr Anna Bonek<\/a><\/li>\n<li class=\"open \"><a class=\"open \" href=\"http:\/\/pbe.uw.edu.pl\/about-us\/dk\/\"> mgr Dominik Kud\u0142a<\/a><\/li>\n<li class=\"open \">mgr Maria Nikishina<\/li>\n<li class=\"open \">Tatiana Przybysz<\/li>\n<\/ul>","protected":false},"excerpt":{"rendered":"<p>prof. Sambor Grucza dr hab. Monika P\u0142u\u017cyczka dr Agnieszka Andrychowicz-Trojanowska dr Anna Bonek mgr Dominik Kud\u0142a mgr Maria Nikishina Tatiana Przybysz<\/p>\n","protected":false},"author":872,"featured_media":0,"parent":0,"menu_order":2,"comment_status":"closed","ping_status":"closed","template":"","meta":{"_links_to":"","_links_to_target":""},"acf":[],"_links":{"self":[{"href":"http:\/\/pbe.uw.edu.pl\/pl\/wp-json\/wp\/v2\/pages\/82"}],"collection":[{"href":"http:\/\/pbe.uw.edu.pl\/pl\/wp-json\/wp\/v2\/pages"}],"about":[{"href":"http:\/\/pbe.uw.edu.pl\/pl\/wp-json\/wp\/v2\/types\/page"}],"author":[{"embeddable":true,"href":"http:\/\/pbe.uw.edu.pl\/pl\/wp-json\/wp\/v2\/users\/872"}],"replies":[{"embeddable":true,"href":"http:\/\/pbe.uw.edu.pl\/pl\/wp-json\/wp\/v2\/comments?post=82"}],"version-history":[{"count":10,"href":"http:\/\/pbe.uw.edu.pl\/pl\/wp-json\/wp\/v2\/pages\/82\/revisions"}],"predecessor-version":[{"id":453,"href":"http:\/\/pbe.uw.edu.pl\/pl\/wp-json\/wp\/v2\/pages\/82\/revisions\/453"}],"wp:attachment":[{"href":"http:\/\/pbe.uw.edu.pl\/pl\/wp-json\/wp\/v2\/media?parent=82"}],"curies":[{"name":"wp","href":"https:\/\/api.w.org\/{rel}","templated":true}]}}