{"id":97,"date":"2018-09-05T18:54:10","date_gmt":"2018-09-05T16:54:10","guid":{"rendered":"http:\/\/pbe.uw.edu.pl\/?page_id=97"},"modified":"2018-09-26T18:29:10","modified_gmt":"2018-09-26T16:29:10","slug":"links","status":"publish","type":"page","link":"http:\/\/pbe.uw.edu.pl\/pl\/links\/","title":{"rendered":"Linki"},"content":{"rendered":"<div class=\"portlet-borderless-container\">\n<div class=\"portlet-body\">\n<div id=\"article_10132_7269752_7779751_2.0\" class=\"journal-content-article\">\n<p><strong>IKSI<\/strong>\u00a0\u2013 <a href=\"http:\/\/www.iksi.uw.edu.pl\/\" target=\"_blank\" rel=\"noopener\">Instytut Komunikacji Specjalistycznej i Interkulturowej<\/a><\/p>\n<p><strong>ZLJS <\/strong>\u2013 <a href=\"http:\/\/www.iksi.uw.edu.pl\/zaklad-lingwistyki-jezykow-specjalistycznych\" target=\"_blank\" rel=\"noopener\">Zak\u0142ad Lingwistyki J\u0119zyk\u00f3w Specjaistycznych<\/a><\/p>\n<p><strong>LS<\/strong> \u2013 <a href=\"http:\/\/alp.uw.edu.pl\" target=\"_blank\" rel=\"noopener\">Lingwistyka Stosowana \/ Applied Linguistics\/ Angewandte Linguistik<\/a><\/p>\n<p><strong>SN<\/strong> \u2013 <a href=\"http:\/\/sn-iksi.strony.uw.edu.pl\" target=\"_blank\" rel=\"noopener\">Studia Naukowe<\/a><\/p>\n<p><strong>DA<\/strong> &#8211; <a href=\"http:\/\/www.da.iksi.uw.edu.pl\/\" target=\"_blank\" rel=\"noopener\">Debiuty Akademickie<\/a><\/p>\n<p><strong>PTLS<\/strong> &#8211; <a href=\"http:\/\/www.ptls.uw.edu.pl\/aktualnosci\" target=\"_blank\" rel=\"noopener\">Polskie Towarzystwo Lingwistyki Stosowanej<\/a><\/p>\n<p>&nbsp;<\/p>\n<p><strong>KORPUSY<\/strong> \u2013 <a href=\"http:\/\/korpusy.ikla.uw.edu.pl\/\" target=\"_blank\" rel=\"noopener\">Laboratorium Lingwistyki Korpusowej<\/a><\/p>\n<p><strong>LAKOM \u2013 <\/strong><a href=\"http:\/\/www.lakom.uw.edu.pl\/home\" target=\"_blank\" rel=\"noopener\">Laboratorium Komunikacji Multimodalnej<\/a><\/p>\n<p><strong>MCCA<\/strong> &#8211; <a href=\"http:\/\/portal.uw.edu.pl\/web\/mcca\/\" target=\"_blank\" rel=\"noopener\">Multimodal Communication Culturological Analysis<\/a><\/p>\n<p><strong>RC-BCA<\/strong> &#8211; <a href=\"http:\/\/rc-bca.iksi.uw.edu.pl\/\" target=\"_blank\" rel=\"noopener\">Research Centre for Business Communication Audit<\/a><\/p>\n<p><strong>ACRC<\/strong> &#8211; <a href=\"http:\/\/acrc.iksi.uw.edu.pl\/\" target=\"_blank\" rel=\"noopener\">Aviation Communication Research Centre\u00a0<\/a><\/p>\n<p>&nbsp;<\/p>\n<p><strong>Neuro Device<\/strong> &#8211;<a href=\"http:\/\/%20www.neurodevice.pl\" target=\"_blank\" rel=\"noopener\"> www.neurodevice.pl<\/a><\/p>\n<p><strong>SensoMotoric Instruments <\/strong>&#8211; <a href=\"http:\/\/www.smivision.com\/en.html\" target=\"_blank\" rel=\"noopener\">www.smivision.com<\/a><\/p>\n<p><strong>Journal of Eye Movement Research<\/strong> &#8211; <a href=\"http:\/\/www.jemr.org\/\" target=\"_blank\" rel=\"noopener\">www.jemr.org<\/a><\/p>\n<\/div>\n<\/div>\n<\/div>","protected":false},"excerpt":{"rendered":"<p>IKSI\u00a0\u2013 Instytut Komunikacji Specjalistycznej i Interkulturowej ZLJS \u2013 Zak\u0142ad Lingwistyki J\u0119zyk\u00f3w Specjaistycznych LS \u2013 Lingwistyka Stosowana \/ Applied Linguistics\/ Angewandte Linguistik SN \u2013 Studia Naukowe DA &#8211; Debiuty Akademickie PTLS &#8211; Polskie Towarzystwo Lingwistyki Stosowanej &nbsp; KORPUSY \u2013 Laboratorium Lingwistyki Korpusowej LAKOM \u2013 Laboratorium Komunikacji Multimodalnej MCCA &#8211; Multimodal Communication Culturological Analysis RC-BCA &#8211; Research\u2026 <span class=\"read-more\"><a href=\"http:\/\/pbe.uw.edu.pl\/pl\/links\/\">Czytaj dalej &raquo;<\/a><\/span><\/p>\n","protected":false},"author":872,"featured_media":0,"parent":0,"menu_order":9,"comment_status":"closed","ping_status":"closed","template":"","meta":{"_links_to":"","_links_to_target":""},"acf":[],"_links":{"self":[{"href":"http:\/\/pbe.uw.edu.pl\/pl\/wp-json\/wp\/v2\/pages\/97"}],"collection":[{"href":"http:\/\/pbe.uw.edu.pl\/pl\/wp-json\/wp\/v2\/pages"}],"about":[{"href":"http:\/\/pbe.uw.edu.pl\/pl\/wp-json\/wp\/v2\/types\/page"}],"author":[{"embeddable":true,"href":"http:\/\/pbe.uw.edu.pl\/pl\/wp-json\/wp\/v2\/users\/872"}],"replies":[{"embeddable":true,"href":"http:\/\/pbe.uw.edu.pl\/pl\/wp-json\/wp\/v2\/comments?post=97"}],"version-history":[{"count":5,"href":"http:\/\/pbe.uw.edu.pl\/pl\/wp-json\/wp\/v2\/pages\/97\/revisions"}],"predecessor-version":[{"id":392,"href":"http:\/\/pbe.uw.edu.pl\/pl\/wp-json\/wp\/v2\/pages\/97\/revisions\/392"}],"wp:attachment":[{"href":"http:\/\/pbe.uw.edu.pl\/pl\/wp-json\/wp\/v2\/media?parent=97"}],"curies":[{"name":"wp","href":"https:\/\/api.w.org\/{rel}","templated":true}]}}